{"id":568,"date":"2023-10-29T07:24:37","date_gmt":"2023-10-29T07:24:37","guid":{"rendered":"https:\/\/ashanar.eu\/?page_id=568"},"modified":"2023-10-29T11:14:08","modified_gmt":"2023-10-29T11:14:08","slug":"willkommen-bei-ashanars-art","status":"publish","type":"page","link":"https:\/\/ashanar.eu\/","title":{"rendered":"Willkommen bei Ashanar\u00b4s Art"},"content":{"rendered":"\n<p>Ich freue mich sehr, dass Du hier bist! <\/p>\n\n\n\n<p>Hier findest Du Kunst von der Seele und f\u00fcr die Seele, hilfreiche Seelenbriefe und Seelenportraits.<\/p>\n\n\n\n<p>Die Seele m\u00f6chte sich Dir mitteilen und Dir den Weg weisen, wenn Du einmal gerade nicht weiter wei\u00dft. Die Seele ist mit allem verbunden und hat Zugriff auf die tiefste, Dir innewohnende Weisheit. <\/p>\n\n\n\n<p>Dass Du den Weg hierher gefunden hat, ist kein Zufall.<\/p>\n\n\n\n<p>Schau Dich um, entdecke das, was f\u00fcr Dich ist und Dich weiterbringt!<\/p>\n\n\n\n<p>Deine Ashanar<\/p>\n\n\n\n<figure class=\"wp-block-gallery has-nested-images columns-default is-cropped wp-block-gallery-1 is-layout-flex wp-block-gallery-is-layout-flex\">\n<figure class=\"wp-block-image size-large\"><img decoding=\"async\" loading=\"lazy\" width=\"682\" height=\"960\" data-id=\"644\" src=\"https:\/\/ashanar.eu\/wp-content\/uploads\/2023\/10\/engel.jpg\" alt=\"\" class=\"wp-image-644\" srcset=\"https:\/\/ashanar.eu\/wp-content\/uploads\/2023\/10\/engel.jpg 682w, https:\/\/ashanar.eu\/wp-content\/uploads\/2023\/10\/engel-213x300.jpg 213w\" sizes=\"(max-width: 682px) 100vw, 682px\" \/><\/figure>\n\n\n\n<figure class=\"wp-block-image size-large\"><img decoding=\"async\" loading=\"lazy\" width=\"651\" height=\"1024\" data-id=\"645\" src=\"https:\/\/ashanar.eu\/wp-content\/uploads\/2023\/10\/Engelherz-651x1024.jpg\" alt=\"\" class=\"wp-image-645\" srcset=\"https:\/\/ashanar.eu\/wp-content\/uploads\/2023\/10\/Engelherz-651x1024.jpg 651w, https:\/\/ashanar.eu\/wp-content\/uploads\/2023\/10\/Engelherz-191x300.jpg 191w, https:\/\/ashanar.eu\/wp-content\/uploads\/2023\/10\/Engelherz-768x1208.jpg 768w, https:\/\/ashanar.eu\/wp-content\/uploads\/2023\/10\/Engelherz-977x1536.jpg 977w, https:\/\/ashanar.eu\/wp-content\/uploads\/2023\/10\/Engelherz.jpg 1104w\" sizes=\"(max-width: 651px) 100vw, 651px\" \/><\/figure>\n\n\n\n<figure class=\"wp-block-image size-large\"><img decoding=\"async\" loading=\"lazy\" width=\"661\" height=\"960\" data-id=\"646\" src=\"https:\/\/ashanar.eu\/wp-content\/uploads\/2023\/10\/Fluegel-1.jpg\" alt=\"\" class=\"wp-image-646\" srcset=\"https:\/\/ashanar.eu\/wp-content\/uploads\/2023\/10\/Fluegel-1.jpg 661w, https:\/\/ashanar.eu\/wp-content\/uploads\/2023\/10\/Fluegel-1-207x300.jpg 207w\" sizes=\"(max-width: 661px) 100vw, 661px\" \/><\/figure>\n\n\n\n<figure class=\"wp-block-image size-large\"><img decoding=\"async\" loading=\"lazy\" width=\"672\" height=\"960\" data-id=\"647\" src=\"https:\/\/ashanar.eu\/wp-content\/uploads\/2023\/10\/Herz.jpg\" alt=\"\" class=\"wp-image-647\" srcset=\"https:\/\/ashanar.eu\/wp-content\/uploads\/2023\/10\/Herz.jpg 672w, https:\/\/ashanar.eu\/wp-content\/uploads\/2023\/10\/Herz-210x300.jpg 210w\" sizes=\"(max-width: 672px) 100vw, 672px\" \/><\/figure>\n\n\n\n<figure class=\"wp-block-image size-large\"><img decoding=\"async\" loading=\"lazy\" width=\"1024\" height=\"1024\" data-id=\"648\" src=\"https:\/\/ashanar.eu\/wp-content\/uploads\/2023\/10\/IMG_20220622_213226_536-1-1024x1024.jpg\" alt=\"\" class=\"wp-image-648\" srcset=\"https:\/\/ashanar.eu\/wp-content\/uploads\/2023\/10\/IMG_20220622_213226_536-1-1024x1024.jpg 1024w, https:\/\/ashanar.eu\/wp-content\/uploads\/2023\/10\/IMG_20220622_213226_536-1-300x300.jpg 300w, https:\/\/ashanar.eu\/wp-content\/uploads\/2023\/10\/IMG_20220622_213226_536-1-150x150.jpg 150w, https:\/\/ashanar.eu\/wp-content\/uploads\/2023\/10\/IMG_20220622_213226_536-1-768x768.jpg 768w, https:\/\/ashanar.eu\/wp-content\/uploads\/2023\/10\/IMG_20220622_213226_536-1-1536x1536.jpg 1536w, https:\/\/ashanar.eu\/wp-content\/uploads\/2023\/10\/IMG_20220622_213226_536-1-2048x2048.jpg 2048w, https:\/\/ashanar.eu\/wp-content\/uploads\/2023\/10\/IMG_20220622_213226_536-1-1140x1140.jpg 1140w, https:\/\/ashanar.eu\/wp-content\/uploads\/2023\/10\/IMG_20220622_213226_536-1-75x75.jpg 75w\" sizes=\"(max-width: 1024px) 100vw, 1024px\" \/><\/figure>\n\n\n\n<figure class=\"wp-block-image size-large\"><img decoding=\"async\" loading=\"lazy\" width=\"819\" height=\"1024\" data-id=\"649\" src=\"https:\/\/ashanar.eu\/wp-content\/uploads\/2023\/10\/IMG_20221120_132450_134-819x1024.jpg\" alt=\"\" class=\"wp-image-649\" srcset=\"https:\/\/ashanar.eu\/wp-content\/uploads\/2023\/10\/IMG_20221120_132450_134-819x1024.jpg 819w, https:\/\/ashanar.eu\/wp-content\/uploads\/2023\/10\/IMG_20221120_132450_134-240x300.jpg 240w, https:\/\/ashanar.eu\/wp-content\/uploads\/2023\/10\/IMG_20221120_132450_134-768x960.jpg 768w, https:\/\/ashanar.eu\/wp-content\/uploads\/2023\/10\/IMG_20221120_132450_134-1229x1536.jpg 1229w, https:\/\/ashanar.eu\/wp-content\/uploads\/2023\/10\/IMG_20221120_132450_134-1639x2048.jpg 1639w, https:\/\/ashanar.eu\/wp-content\/uploads\/2023\/10\/IMG_20221120_132450_134-1140x1425.jpg 1140w, https:\/\/ashanar.eu\/wp-content\/uploads\/2023\/10\/IMG_20221120_132450_134-scaled.jpg 2048w\" sizes=\"(max-width: 819px) 100vw, 819px\" \/><\/figure>\n<\/figure>\n","protected":false},"excerpt":{"rendered":"<p>Ich freue mich sehr, dass Du hier bist! Hier findest Du Kunst von der Seele und f\u00fcr die Seele, hilfreiche Seelenbriefe und Seelenportraits. Die Seele m\u00f6chte sich Dir mitteilen und Dir den Weg weisen, wenn Du einmal gerade nicht weiter wei\u00dft. Die Seele ist mit allem verbunden und hat Zugriff auf die tiefste, Dir innewohnende Weisheit. Dass Du den Weg hierher gefunden hat, ist kein Zufall. Schau Dich um, entdecke das, was f\u00fcr Dich ist und Dich weiterbringt! Deine Ashanar<\/p>\n","protected":false},"author":1,"featured_media":0,"parent":0,"menu_order":0,"comment_status":"closed","ping_status":"closed","template":"","meta":{"_monsterinsights_skip_tracking":false,"_monsterinsights_sitenote_active":false,"_monsterinsights_sitenote_note":"","_monsterinsights_sitenote_category":0,"footnotes":""},"aioseo_notices":[],"_links":{"self":[{"href":"https:\/\/ashanar.eu\/index.php?rest_route=\/wp\/v2\/pages\/568"}],"collection":[{"href":"https:\/\/ashanar.eu\/index.php?rest_route=\/wp\/v2\/pages"}],"about":[{"href":"https:\/\/ashanar.eu\/index.php?rest_route=\/wp\/v2\/types\/page"}],"author":[{"embeddable":true,"href":"https:\/\/ashanar.eu\/index.php?rest_route=\/wp\/v2\/users\/1"}],"replies":[{"embeddable":true,"href":"https:\/\/ashanar.eu\/index.php?rest_route=%2Fwp%2Fv2%2Fcomments&post=568"}],"version-history":[{"count":2,"href":"https:\/\/ashanar.eu\/index.php?rest_route=\/wp\/v2\/pages\/568\/revisions"}],"predecessor-version":[{"id":651,"href":"https:\/\/ashanar.eu\/index.php?rest_route=\/wp\/v2\/pages\/568\/revisions\/651"}],"wp:attachment":[{"href":"https:\/\/ashanar.eu\/index.php?rest_route=%2Fwp%2Fv2%2Fmedia&parent=568"}],"curies":[{"name":"wp","href":"https:\/\/api.w.org\/{rel}","templated":true}]}}