{"id":607,"date":"2023-10-29T08:12:55","date_gmt":"2023-10-29T08:12:55","guid":{"rendered":"https:\/\/ashanar.eu\/?page_id=607"},"modified":"2023-11-01T10:16:04","modified_gmt":"2023-11-01T10:16:04","slug":"kartenset","status":"publish","type":"page","link":"https:\/\/ashanar.eu\/?page_id=607","title":{"rendered":"Kartenset"},"content":{"rendered":"\n<div class=\"wp-block-media-text is-stacked-on-mobile\"><figure class=\"wp-block-media-text__media\"><img decoding=\"async\" loading=\"lazy\" width=\"960\" height=\"720\" src=\"https:\/\/ashanar.eu\/wp-content\/uploads\/2023\/10\/Engelkartenset.jpg\" alt=\"\" class=\"wp-image-608 size-full\" srcset=\"https:\/\/ashanar.eu\/wp-content\/uploads\/2023\/10\/Engelkartenset.jpg 960w, https:\/\/ashanar.eu\/wp-content\/uploads\/2023\/10\/Engelkartenset-300x225.jpg 300w, https:\/\/ashanar.eu\/wp-content\/uploads\/2023\/10\/Engelkartenset-768x576.jpg 768w\" sizes=\"(max-width: 960px) 100vw, 960px\" \/><\/figure><div class=\"wp-block-media-text__content\">\n<p>Kartenset &#8222;Himmlische Hilfe durch Erzengel  &amp; geistige Wesen<\/p>\n\n\n\n<p>26 Erzengel- und Helferkarten<\/p>\n\n\n\n<p>60 Entscheidungs-Symbol-Karten<\/p>\n<\/div><\/div>\n\n\n\n<details class=\"wp-block-details\"><summary>Mit diesem wunderbaren Werkzeug erh\u00e4ltst Du genau die Informationen, die Du ben\u00f6tigst. Du erf\u00e4hrst, was das zugrundeliegende Thema ist und was Dir dabei hilft, dieses zu bearbeiten. Ziehe daf\u00fcr nur 2 Karten und erhalte von einem Erzengel oder geistigen Helfer eine Antwort auf Deine Frage. Die Entscheidungs-Symbol-Karte hilft Dir dann dabei, ins Handeln zu kommen und gibt konkrete Hinweise, was Du nun tun solltest.<\/summary>\n<p><\/p>\n\n\n\n<figure class=\"wp-block-gallery has-nested-images columns-default is-cropped wp-block-gallery-1 is-layout-flex wp-block-gallery-is-layout-flex\">\n<figure class=\"wp-block-image size-large\"><img decoding=\"async\" loading=\"lazy\" width=\"960\" height=\"720\" src=\"https:\/\/ashanar.eu\/wp-content\/uploads\/2023\/10\/Buch-und-Entscheidungskarten.jpg\" alt=\"\" class=\"wp-image-609\" srcset=\"https:\/\/ashanar.eu\/wp-content\/uploads\/2023\/10\/Buch-und-Entscheidungskarten.jpg 960w, https:\/\/ashanar.eu\/wp-content\/uploads\/2023\/10\/Buch-und-Entscheidungskarten-300x225.jpg 300w, https:\/\/ashanar.eu\/wp-content\/uploads\/2023\/10\/Buch-und-Entscheidungskarten-768x576.jpg 768w\" sizes=\"(max-width: 960px) 100vw, 960px\" \/><\/figure>\n\n\n\n<figure class=\"wp-block-image size-large\"><img decoding=\"async\" loading=\"lazy\" width=\"720\" height=\"540\" src=\"https:\/\/ashanar.eu\/wp-content\/uploads\/2023\/10\/Buch-und-Erzengel-und-geistige-Helferkarten.jpg\" alt=\"\" class=\"wp-image-610\" srcset=\"https:\/\/ashanar.eu\/wp-content\/uploads\/2023\/10\/Buch-und-Erzengel-und-geistige-Helferkarten.jpg 720w, https:\/\/ashanar.eu\/wp-content\/uploads\/2023\/10\/Buch-und-Erzengel-und-geistige-Helferkarten-300x225.jpg 300w\" sizes=\"(max-width: 720px) 100vw, 720px\" \/><\/figure>\n\n\n\n<figure class=\"wp-block-image size-large\"><img decoding=\"async\" loading=\"lazy\" width=\"1024\" height=\"1024\" src=\"https:\/\/ashanar.eu\/wp-content\/uploads\/2023\/10\/Kartenlegung-geschlossen-1024x1024.jpg\" alt=\"\" class=\"wp-image-611\" srcset=\"https:\/\/ashanar.eu\/wp-content\/uploads\/2023\/10\/Kartenlegung-geschlossen-1024x1024.jpg 1024w, https:\/\/ashanar.eu\/wp-content\/uploads\/2023\/10\/Kartenlegung-geschlossen-300x300.jpg 300w, https:\/\/ashanar.eu\/wp-content\/uploads\/2023\/10\/Kartenlegung-geschlossen-150x150.jpg 150w, https:\/\/ashanar.eu\/wp-content\/uploads\/2023\/10\/Kartenlegung-geschlossen-768x768.jpg 768w, https:\/\/ashanar.eu\/wp-content\/uploads\/2023\/10\/Kartenlegung-geschlossen-1536x1536.jpg 1536w, https:\/\/ashanar.eu\/wp-content\/uploads\/2023\/10\/Kartenlegung-geschlossen-2048x2048.jpg 2048w, https:\/\/ashanar.eu\/wp-content\/uploads\/2023\/10\/Kartenlegung-geschlossen-1140x1140.jpg 1140w, https:\/\/ashanar.eu\/wp-content\/uploads\/2023\/10\/Kartenlegung-geschlossen-75x75.jpg 75w\" sizes=\"(max-width: 1024px) 100vw, 1024px\" \/><\/figure>\n\n\n\n<figure class=\"wp-block-image size-large\"><img decoding=\"async\" loading=\"lazy\" width=\"1024\" height=\"1024\" src=\"https:\/\/ashanar.eu\/wp-content\/uploads\/2023\/10\/Kartenlegung-offen-1024x1024.jpg\" alt=\"\" class=\"wp-image-612\" srcset=\"https:\/\/ashanar.eu\/wp-content\/uploads\/2023\/10\/Kartenlegung-offen-1024x1024.jpg 1024w, https:\/\/ashanar.eu\/wp-content\/uploads\/2023\/10\/Kartenlegung-offen-300x300.jpg 300w, https:\/\/ashanar.eu\/wp-content\/uploads\/2023\/10\/Kartenlegung-offen-150x150.jpg 150w, https:\/\/ashanar.eu\/wp-content\/uploads\/2023\/10\/Kartenlegung-offen-768x768.jpg 768w, https:\/\/ashanar.eu\/wp-content\/uploads\/2023\/10\/Kartenlegung-offen-1536x1536.jpg 1536w, https:\/\/ashanar.eu\/wp-content\/uploads\/2023\/10\/Kartenlegung-offen-2048x2048.jpg 2048w, https:\/\/ashanar.eu\/wp-content\/uploads\/2023\/10\/Kartenlegung-offen-1140x1140.jpg 1140w, https:\/\/ashanar.eu\/wp-content\/uploads\/2023\/10\/Kartenlegung-offen-75x75.jpg 75w\" sizes=\"(max-width: 1024px) 100vw, 1024px\" \/><\/figure>\n\n\n\n<figure class=\"wp-block-image size-large\"><img decoding=\"async\" loading=\"lazy\" width=\"960\" height=\"720\" src=\"https:\/\/ashanar.eu\/wp-content\/uploads\/2023\/10\/Kartenset-im-Beutel.jpg\" alt=\"\" class=\"wp-image-613\" srcset=\"https:\/\/ashanar.eu\/wp-content\/uploads\/2023\/10\/Kartenset-im-Beutel.jpg 960w, https:\/\/ashanar.eu\/wp-content\/uploads\/2023\/10\/Kartenset-im-Beutel-300x225.jpg 300w, https:\/\/ashanar.eu\/wp-content\/uploads\/2023\/10\/Kartenset-im-Beutel-768x576.jpg 768w\" sizes=\"(max-width: 960px) 100vw, 960px\" \/><\/figure>\n<\/figure>\n<\/details>\n\n\n\n<figure class=\"wp-block-gallery has-nested-images columns-default is-cropped wp-block-gallery-3 is-layout-flex wp-block-gallery-is-layout-flex\">\n<figure class=\"wp-block-image size-large\"><img decoding=\"async\" loading=\"lazy\" width=\"720\" height=\"540\" data-id=\"610\" src=\"https:\/\/ashanar.eu\/wp-content\/uploads\/2023\/10\/Buch-und-Erzengel-und-geistige-Helferkarten.jpg\" alt=\"\" class=\"wp-image-610\" srcset=\"https:\/\/ashanar.eu\/wp-content\/uploads\/2023\/10\/Buch-und-Erzengel-und-geistige-Helferkarten.jpg 720w, https:\/\/ashanar.eu\/wp-content\/uploads\/2023\/10\/Buch-und-Erzengel-und-geistige-Helferkarten-300x225.jpg 300w\" sizes=\"(max-width: 720px) 100vw, 720px\" \/><\/figure>\n\n\n\n<figure class=\"wp-block-image size-large\"><img decoding=\"async\" loading=\"lazy\" width=\"960\" height=\"720\" data-id=\"609\" src=\"https:\/\/ashanar.eu\/wp-content\/uploads\/2023\/10\/Buch-und-Entscheidungskarten.jpg\" alt=\"\" class=\"wp-image-609\" srcset=\"https:\/\/ashanar.eu\/wp-content\/uploads\/2023\/10\/Buch-und-Entscheidungskarten.jpg 960w, https:\/\/ashanar.eu\/wp-content\/uploads\/2023\/10\/Buch-und-Entscheidungskarten-300x225.jpg 300w, https:\/\/ashanar.eu\/wp-content\/uploads\/2023\/10\/Buch-und-Entscheidungskarten-768x576.jpg 768w\" sizes=\"(max-width: 960px) 100vw, 960px\" \/><\/figure>\n\n\n\n<figure class=\"wp-block-image size-large\"><img decoding=\"async\" loading=\"lazy\" width=\"1024\" height=\"1024\" data-id=\"611\" src=\"https:\/\/ashanar.eu\/wp-content\/uploads\/2023\/10\/Kartenlegung-geschlossen-1024x1024.jpg\" alt=\"\" class=\"wp-image-611\" srcset=\"https:\/\/ashanar.eu\/wp-content\/uploads\/2023\/10\/Kartenlegung-geschlossen-1024x1024.jpg 1024w, https:\/\/ashanar.eu\/wp-content\/uploads\/2023\/10\/Kartenlegung-geschlossen-300x300.jpg 300w, https:\/\/ashanar.eu\/wp-content\/uploads\/2023\/10\/Kartenlegung-geschlossen-150x150.jpg 150w, https:\/\/ashanar.eu\/wp-content\/uploads\/2023\/10\/Kartenlegung-geschlossen-768x768.jpg 768w, https:\/\/ashanar.eu\/wp-content\/uploads\/2023\/10\/Kartenlegung-geschlossen-1536x1536.jpg 1536w, https:\/\/ashanar.eu\/wp-content\/uploads\/2023\/10\/Kartenlegung-geschlossen-2048x2048.jpg 2048w, https:\/\/ashanar.eu\/wp-content\/uploads\/2023\/10\/Kartenlegung-geschlossen-1140x1140.jpg 1140w, https:\/\/ashanar.eu\/wp-content\/uploads\/2023\/10\/Kartenlegung-geschlossen-75x75.jpg 75w\" sizes=\"(max-width: 1024px) 100vw, 1024px\" \/><\/figure>\n\n\n\n<figure class=\"wp-block-image size-large\"><img decoding=\"async\" loading=\"lazy\" width=\"1024\" height=\"1024\" data-id=\"612\" src=\"https:\/\/ashanar.eu\/wp-content\/uploads\/2023\/10\/Kartenlegung-offen-1024x1024.jpg\" alt=\"\" class=\"wp-image-612\" srcset=\"https:\/\/ashanar.eu\/wp-content\/uploads\/2023\/10\/Kartenlegung-offen-1024x1024.jpg 1024w, https:\/\/ashanar.eu\/wp-content\/uploads\/2023\/10\/Kartenlegung-offen-300x300.jpg 300w, https:\/\/ashanar.eu\/wp-content\/uploads\/2023\/10\/Kartenlegung-offen-150x150.jpg 150w, https:\/\/ashanar.eu\/wp-content\/uploads\/2023\/10\/Kartenlegung-offen-768x768.jpg 768w, https:\/\/ashanar.eu\/wp-content\/uploads\/2023\/10\/Kartenlegung-offen-1536x1536.jpg 1536w, https:\/\/ashanar.eu\/wp-content\/uploads\/2023\/10\/Kartenlegung-offen-2048x2048.jpg 2048w, https:\/\/ashanar.eu\/wp-content\/uploads\/2023\/10\/Kartenlegung-offen-1140x1140.jpg 1140w, https:\/\/ashanar.eu\/wp-content\/uploads\/2023\/10\/Kartenlegung-offen-75x75.jpg 75w\" sizes=\"(max-width: 1024px) 100vw, 1024px\" \/><\/figure>\n\n\n\n<figure class=\"wp-block-image size-large\"><img decoding=\"async\" loading=\"lazy\" width=\"960\" height=\"720\" data-id=\"613\" src=\"https:\/\/ashanar.eu\/wp-content\/uploads\/2023\/10\/Kartenset-im-Beutel.jpg\" alt=\"\" class=\"wp-image-613\" srcset=\"https:\/\/ashanar.eu\/wp-content\/uploads\/2023\/10\/Kartenset-im-Beutel.jpg 960w, https:\/\/ashanar.eu\/wp-content\/uploads\/2023\/10\/Kartenset-im-Beutel-300x225.jpg 300w, https:\/\/ashanar.eu\/wp-content\/uploads\/2023\/10\/Kartenset-im-Beutel-768x576.jpg 768w\" sizes=\"(max-width: 960px) 100vw, 960px\" \/><\/figure>\n<\/figure>\n","protected":false},"excerpt":{"rendered":"<p>Kartenset &#8222;Himmlische Hilfe durch Erzengel &amp; geistige Wesen 26 Erzengel- und Helferkarten 60 Entscheidungs-Symbol-Karten<\/p>\n","protected":false},"author":1,"featured_media":0,"parent":0,"menu_order":0,"comment_status":"closed","ping_status":"closed","template":"","meta":{"_monsterinsights_skip_tracking":false,"_monsterinsights_sitenote_active":false,"_monsterinsights_sitenote_note":"","_monsterinsights_sitenote_category":0,"footnotes":""},"aioseo_notices":[],"_links":{"self":[{"href":"https:\/\/ashanar.eu\/index.php?rest_route=\/wp\/v2\/pages\/607"}],"collection":[{"href":"https:\/\/ashanar.eu\/index.php?rest_route=\/wp\/v2\/pages"}],"about":[{"href":"https:\/\/ashanar.eu\/index.php?rest_route=\/wp\/v2\/types\/page"}],"author":[{"embeddable":true,"href":"https:\/\/ashanar.eu\/index.php?rest_route=\/wp\/v2\/users\/1"}],"replies":[{"embeddable":true,"href":"https:\/\/ashanar.eu\/index.php?rest_route=%2Fwp%2Fv2%2Fcomments&post=607"}],"version-history":[{"count":2,"href":"https:\/\/ashanar.eu\/index.php?rest_route=\/wp\/v2\/pages\/607\/revisions"}],"predecessor-version":[{"id":660,"href":"https:\/\/ashanar.eu\/index.php?rest_route=\/wp\/v2\/pages\/607\/revisions\/660"}],"wp:attachment":[{"href":"https:\/\/ashanar.eu\/index.php?rest_route=%2Fwp%2Fv2%2Fmedia&parent=607"}],"curies":[{"name":"wp","href":"https:\/\/api.w.org\/{rel}","templated":true}]}}